{"id":2106,"date":"2021-12-29T09:31:29","date_gmt":"2021-12-29T08:31:29","guid":{"rendered":"https:\/\/www.com-3d.fr\/?page_id=2106"},"modified":"2023-11-27T10:20:19","modified_gmt":"2023-11-27T09:20:19","slug":"guides-outils","status":"publish","type":"page","link":"https:\/\/www.com-3d.fr\/en\/guides-outils\/","title":{"rendered":"Guidelines &amp; Tools"},"content":{"rendered":"<div data-elementor-type=\"wp-page\" data-elementor-id=\"2106\" class=\"elementor elementor-2106\">\n\t\t\t\t\t\t<div class=\"elementor-inner\">\n\t\t\t\t<div class=\"elementor-section-wrap\">\n\t\t\t\t\t\t\t\t\t<section class=\"elementor-section elementor-top-section elementor-element elementor-element-49a51fd elementor-section-boxed elementor-section-height-default elementor-section-height-default\" data-id=\"49a51fd\" data-element_type=\"section\" data-settings=\"{&quot;background_background&quot;:&quot;classic&quot;}\">\n\t\t\t\t\t\t<div class=\"elementor-container elementor-column-gap-default\">\n\t\t\t\t\t\t\t<div class=\"elementor-row\">\n\t\t\t\t\t<div class=\"elementor-column elementor-col-100 elementor-top-column elementor-element elementor-element-002b155\" data-id=\"002b155\" data-element_type=\"column\">\n\t\t\t<div class=\"elementor-column-wrap elementor-element-populated\">\n\t\t\t\t\t\t\t<div class=\"elementor-widget-wrap\">\n\t\t\t\t\t\t<div class=\"elementor-element elementor-element-dc3f705 elementor-widget elementor-widget-heading\" data-id=\"dc3f705\" data-element_type=\"widget\" data-widget_type=\"heading.default\">\n\t\t\t\t<div class=\"elementor-widget-container\">\n\t\t\t<h1 class=\"elementor-heading-title elementor-size-default\">Guidelines &amp; Tools<\/h1>\t\t<\/div>\n\t\t\t\t<\/div>\n\t\t\t\t<div class=\"elementor-element elementor-element-8d8e6b5 elementor-widget elementor-widget-text-editor\" data-id=\"8d8e6b5\" data-element_type=\"widget\" data-widget_type=\"text-editor.default\">\n\t\t\t\t<div class=\"elementor-widget-container\">\n\t\t\t\t\t\t\t\t<div class=\"elementor-text-editor elementor-clearfix\">\n\t\t\t\t<p>We are delighted to share with you our tools, e-books and practical guides to the world of digital, innovation and technology. We hope you find them useful. Our expertise at the service of your project!<\/p>\t\t\t\t\t<\/div>\n\t\t\t\t\t\t<\/div>\n\t\t\t\t<\/div>\n\t\t\t\t<div class=\"elementor-element elementor-element-4c71dc0 elementor-widget elementor-widget-spacer\" data-id=\"4c71dc0\" data-element_type=\"widget\" data-widget_type=\"spacer.default\">\n\t\t\t\t<div class=\"elementor-widget-container\">\n\t\t\t\t\t<div class=\"elementor-spacer\">\n\t\t\t<div class=\"elementor-spacer-inner\"><\/div>\n\t\t<\/div>\n\t\t\t\t<\/div>\n\t\t\t\t<\/div>\n\t\t\t\t\t\t<\/div>\n\t\t\t\t\t<\/div>\n\t\t<\/div>\n\t\t\t\t\t\t\t\t<\/div>\n\t\t\t\t\t<\/div>\n\t\t<\/section>\n\t\t\t\t<section class=\"elementor-section elementor-top-section elementor-element elementor-element-ec2ab90 elementor-section-boxed elementor-section-height-default elementor-section-height-default\" data-id=\"ec2ab90\" data-element_type=\"section\" data-settings=\"{&quot;background_background&quot;:&quot;classic&quot;}\">\n\t\t\t\t\t\t<div class=\"elementor-container elementor-column-gap-default\">\n\t\t\t\t\t\t\t<div class=\"elementor-row\">\n\t\t\t\t\t<div class=\"elementor-column elementor-col-100 elementor-top-column elementor-element elementor-element-8db8770\" data-id=\"8db8770\" data-element_type=\"column\">\n\t\t\t<div class=\"elementor-column-wrap elementor-element-populated\">\n\t\t\t\t\t\t\t<div class=\"elementor-widget-wrap\">\n\t\t\t\t\t\t<div class=\"elementor-element elementor-element-9570b89 elementor-widget elementor-widget-spacer\" data-id=\"9570b89\" data-element_type=\"widget\" data-widget_type=\"spacer.default\">\n\t\t\t\t<div class=\"elementor-widget-container\">\n\t\t\t\t\t<div class=\"elementor-spacer\">\n\t\t\t<div class=\"elementor-spacer-inner\"><\/div>\n\t\t<\/div>\n\t\t\t\t<\/div>\n\t\t\t\t<\/div>\n\t\t\t\t<div class=\"elementor-element elementor-element-2ba2249 elementor-posts--align-left elementor-grid-3 elementor-grid-tablet-2 elementor-grid-mobile-1 elementor-posts--thumbnail-top elementor-card-shadow-yes elementor-posts__hover-gradient elementor-widget elementor-widget-posts\" data-id=\"2ba2249\" data-element_type=\"widget\" data-settings=\"{&quot;cards_row_gap&quot;:{&quot;unit&quot;:&quot;px&quot;,&quot;size&quot;:30,&quot;sizes&quot;:[]},&quot;cards_columns&quot;:&quot;3&quot;,&quot;cards_columns_tablet&quot;:&quot;2&quot;,&quot;cards_columns_mobile&quot;:&quot;1&quot;,&quot;cards_row_gap_tablet&quot;:{&quot;unit&quot;:&quot;px&quot;,&quot;size&quot;:&quot;&quot;,&quot;sizes&quot;:[]},&quot;cards_row_gap_mobile&quot;:{&quot;unit&quot;:&quot;px&quot;,&quot;size&quot;:&quot;&quot;,&quot;sizes&quot;:[]}}\" data-widget_type=\"posts.cards\">\n\t\t\t\t<div class=\"elementor-widget-container\">\n\t\t\t\t\t<div class=\"elementor-posts-container elementor-posts elementor-posts--skin-cards elementor-grid\">\n\t\t\t\t<article class=\"elementor-post elementor-grid-item post-8787 post type-post status-publish format-standard has-post-thumbnail hentry category-guide\">\n\t\t\t<div class=\"elementor-post__card\">\n\t\t\t\t<a class=\"elementor-post__thumbnail__link\" href=\"https:\/\/www.com-3d.fr\/en\/l-importance-des-reseaux-sociaux-dans-votre-strategie-d-entreprise\/\" ><div class=\"elementor-post__thumbnail\"><img loading=\"lazy\" decoding=\"async\" width=\"768\" height=\"856\" src=\"https:\/\/www.com-3d.fr\/wp-content\/uploads\/2023\/11\/tarifs-gestion-reseaux-sociaux-entreprise-younicom.svg\" class=\"attachment-medium_large size-medium_large wp-image-8792\" alt=\"\" \/><\/div><\/a>\n\t\t\t\t<div class=\"elementor-post__badge\">Guide<\/div>\n\t\t\t\t<div class=\"elementor-post__text\">\n\t\t\t\t<h3 class=\"elementor-post__title\">\n\t\t\t<a href=\"https:\/\/www.com-3d.fr\/en\/l-importance-des-reseaux-sociaux-dans-votre-strategie-d-entreprise\/\" >\n\t\t\t\tGuide : L&rsquo;importance des r\u00e9seaux sociaux dans votre strat\u00e9gie d&rsquo;entreprise\t\t\t<\/a>\n\t\t<\/h3>\n\t\t\t\t<\/div>\n\t\t\t\t\t<\/div>\n\t\t<\/article>\n\t\t\t\t<article class=\"elementor-post elementor-grid-item post-8687 post type-post status-publish format-standard has-post-thumbnail hentry category-guide\">\n\t\t\t<div class=\"elementor-post__card\">\n\t\t\t\t<a class=\"elementor-post__thumbnail__link\" href=\"https:\/\/www.com-3d.fr\/en\/les-5-kpi-cruciaux-pour-un-community-management-performant\/\" ><div class=\"elementor-post__thumbnail\"><img loading=\"lazy\" decoding=\"async\" width=\"768\" height=\"566\" src=\"https:\/\/www.com-3d.fr\/wp-content\/uploads\/2023\/11\/fille-fleches-768x566.png\" class=\"attachment-medium_large size-medium_large wp-image-8689\" alt=\"KPI Community Manager\" srcset=\"https:\/\/www.com-3d.fr\/wp-content\/uploads\/2023\/11\/fille-fleches-768x566.png 768w, https:\/\/www.com-3d.fr\/wp-content\/uploads\/2023\/11\/fille-fleches-300x221.png 300w, https:\/\/www.com-3d.fr\/wp-content\/uploads\/2023\/11\/fille-fleches-1024x755.png 1024w, https:\/\/www.com-3d.fr\/wp-content\/uploads\/2023\/11\/fille-fleches-1536x1132.png 1536w, https:\/\/www.com-3d.fr\/wp-content\/uploads\/2023\/11\/fille-fleches-2048x1510.png 2048w, https:\/\/www.com-3d.fr\/wp-content\/uploads\/2023\/11\/fille-fleches-16x12.png 16w\" sizes=\"auto, (max-width: 768px) 100vw, 768px\" \/><\/div><\/a>\n\t\t\t\t<div class=\"elementor-post__badge\">Guide<\/div>\n\t\t\t\t<div class=\"elementor-post__text\">\n\t\t\t\t<h3 class=\"elementor-post__title\">\n\t\t\t<a href=\"https:\/\/www.com-3d.fr\/en\/les-5-kpi-cruciaux-pour-un-community-management-performant\/\" >\n\t\t\t\tLes 5 KPI cruciaux pour \u00eatre un Community Manager performant\t\t\t<\/a>\n\t\t<\/h3>\n\t\t\t\t<\/div>\n\t\t\t\t\t<\/div>\n\t\t<\/article>\n\t\t\t\t<article class=\"elementor-post elementor-grid-item post-8514 post type-post status-publish format-standard has-post-thumbnail hentry category-guide\">\n\t\t\t<div class=\"elementor-post__card\">\n\t\t\t\t<a class=\"elementor-post__thumbnail__link\" href=\"https:\/\/www.com-3d.fr\/en\/guide-pourquoi-faire-appel-a-un-prestataire-specialise-en-transformation-digitale\/\" ><div class=\"elementor-post__thumbnail\"><img loading=\"lazy\" decoding=\"async\" width=\"768\" height=\"512\" src=\"https:\/\/www.com-3d.fr\/wp-content\/uploads\/2023\/08\/19199013-768x512.jpg\" class=\"attachment-medium_large size-medium_large wp-image-8530\" alt=\"Transformation Digitale\" srcset=\"https:\/\/www.com-3d.fr\/wp-content\/uploads\/2023\/08\/19199013-768x512.jpg 768w, https:\/\/www.com-3d.fr\/wp-content\/uploads\/2023\/08\/19199013-300x200.jpg 300w, https:\/\/www.com-3d.fr\/wp-content\/uploads\/2023\/08\/19199013-1024x683.jpg 1024w, https:\/\/www.com-3d.fr\/wp-content\/uploads\/2023\/08\/19199013-1536x1024.jpg 1536w, https:\/\/www.com-3d.fr\/wp-content\/uploads\/2023\/08\/19199013-2048x1366.jpg 2048w, https:\/\/www.com-3d.fr\/wp-content\/uploads\/2023\/08\/19199013-18x12.jpg 18w\" sizes=\"auto, (max-width: 768px) 100vw, 768px\" \/><\/div><\/a>\n\t\t\t\t<div class=\"elementor-post__badge\">Guide<\/div>\n\t\t\t\t<div class=\"elementor-post__text\">\n\t\t\t\t<h3 class=\"elementor-post__title\">\n\t\t\t<a href=\"https:\/\/www.com-3d.fr\/en\/guide-pourquoi-faire-appel-a-un-prestataire-specialise-en-transformation-digitale\/\" >\n\t\t\t\tGuide : Pourquoi faire appel \u00e0 un prestataire sp\u00e9cialis\u00e9 en Transformation Digitale ?\t\t\t<\/a>\n\t\t<\/h3>\n\t\t\t\t<\/div>\n\t\t\t\t\t<\/div>\n\t\t<\/article>\n\t\t\t\t<article class=\"elementor-post elementor-grid-item post-8547 post type-post status-publish format-standard has-post-thumbnail hentry category-guide\">\n\t\t\t<div class=\"elementor-post__card\">\n\t\t\t\t<a class=\"elementor-post__thumbnail__link\" href=\"https:\/\/www.com-3d.fr\/en\/guide-optimiser-de-laccessibilite-de-vos-campagnes-emails\/\" ><div class=\"elementor-post__thumbnail\"><img loading=\"lazy\" decoding=\"async\" width=\"768\" height=\"768\" src=\"https:\/\/www.com-3d.fr\/wp-content\/uploads\/2023\/08\/3459559-768x768.jpg\" class=\"attachment-medium_large size-medium_large wp-image-8519\" alt=\"optimiser campagnes emails\" srcset=\"https:\/\/www.com-3d.fr\/wp-content\/uploads\/2023\/08\/3459559-768x768.jpg 768w, https:\/\/www.com-3d.fr\/wp-content\/uploads\/2023\/08\/3459559-300x300.jpg 300w, https:\/\/www.com-3d.fr\/wp-content\/uploads\/2023\/08\/3459559-1024x1024.jpg 1024w, https:\/\/www.com-3d.fr\/wp-content\/uploads\/2023\/08\/3459559-150x150.jpg 150w, https:\/\/www.com-3d.fr\/wp-content\/uploads\/2023\/08\/3459559-1536x1536.jpg 1536w, https:\/\/www.com-3d.fr\/wp-content\/uploads\/2023\/08\/3459559-12x12.jpg 12w, https:\/\/www.com-3d.fr\/wp-content\/uploads\/2023\/08\/3459559.jpg 2000w\" sizes=\"auto, (max-width: 768px) 100vw, 768px\" \/><\/div><\/a>\n\t\t\t\t<div class=\"elementor-post__badge\">Guide<\/div>\n\t\t\t\t<div class=\"elementor-post__text\">\n\t\t\t\t<h3 class=\"elementor-post__title\">\n\t\t\t<a href=\"https:\/\/www.com-3d.fr\/en\/guide-optimiser-de-laccessibilite-de-vos-campagnes-emails\/\" >\n\t\t\t\tGuide : Optimisation de l&rsquo;Accessibilit\u00e9 des Emails\t\t\t<\/a>\n\t\t<\/h3>\n\t\t\t\t<\/div>\n\t\t\t\t\t<\/div>\n\t\t<\/article>\n\t\t\t\t<article class=\"elementor-post elementor-grid-item post-8211 post type-post status-publish format-standard has-post-thumbnail hentry category-guide\">\n\t\t\t<div class=\"elementor-post__card\">\n\t\t\t\t<a class=\"elementor-post__thumbnail__link\" href=\"https:\/\/www.com-3d.fr\/en\/guide-comment-choisir-son-cms\/\" ><div class=\"elementor-post__thumbnail\"><img loading=\"lazy\" decoding=\"async\" width=\"762\" height=\"593\" src=\"https:\/\/www.com-3d.fr\/wp-content\/uploads\/2023\/03\/Post-CMS.png\" class=\"attachment-medium_large size-medium_large wp-image-8256\" alt=\"Guide : Comment bien choisir son CMS\" srcset=\"https:\/\/www.com-3d.fr\/wp-content\/uploads\/2023\/03\/Post-CMS.png 762w, https:\/\/www.com-3d.fr\/wp-content\/uploads\/2023\/03\/Post-CMS-300x233.png 300w, https:\/\/www.com-3d.fr\/wp-content\/uploads\/2023\/03\/Post-CMS-15x12.png 15w\" sizes=\"auto, (max-width: 762px) 100vw, 762px\" \/><\/div><\/a>\n\t\t\t\t<div class=\"elementor-post__badge\">Guide<\/div>\n\t\t\t\t<div class=\"elementor-post__text\">\n\t\t\t\t<h3 class=\"elementor-post__title\">\n\t\t\t<a href=\"https:\/\/www.com-3d.fr\/en\/guide-comment-choisir-son-cms\/\" >\n\t\t\t\tGuide : Comment bien choisir son CMS\t\t\t<\/a>\n\t\t<\/h3>\n\t\t\t\t<\/div>\n\t\t\t\t\t<\/div>\n\t\t<\/article>\n\t\t\t\t<article class=\"elementor-post elementor-grid-item post-2390 post type-post status-publish format-standard has-post-thumbnail hentry category-guide\">\n\t\t\t<div class=\"elementor-post__card\">\n\t\t\t\t<a class=\"elementor-post__thumbnail__link\" href=\"https:\/\/www.com-3d.fr\/en\/guide-comment-bien-optimiser-le-seo-de-votre-site\/\" ><div class=\"elementor-post__thumbnail\"><img loading=\"lazy\" decoding=\"async\" width=\"768\" height=\"576\" src=\"https:\/\/www.com-3d.fr\/wp-content\/uploads\/2022\/01\/Free_Binded_Book_Mockup_2-768x576.png\" class=\"attachment-medium_large size-medium_large wp-image-2404\" alt=\"Guide SEO page de couverture\" srcset=\"https:\/\/www.com-3d.fr\/wp-content\/uploads\/2022\/01\/Free_Binded_Book_Mockup_2-768x576.png 768w, https:\/\/www.com-3d.fr\/wp-content\/uploads\/2022\/01\/Free_Binded_Book_Mockup_2-300x225.png 300w, https:\/\/www.com-3d.fr\/wp-content\/uploads\/2022\/01\/Free_Binded_Book_Mockup_2-1024x768.png 1024w, https:\/\/www.com-3d.fr\/wp-content\/uploads\/2022\/01\/Free_Binded_Book_Mockup_2-1536x1152.png 1536w, https:\/\/www.com-3d.fr\/wp-content\/uploads\/2022\/01\/Free_Binded_Book_Mockup_2-2048x1536.png 2048w\" sizes=\"auto, (max-width: 768px) 100vw, 768px\" \/><\/div><\/a>\n\t\t\t\t<div class=\"elementor-post__badge\">Guide<\/div>\n\t\t\t\t<div class=\"elementor-post__text\">\n\t\t\t\t<h3 class=\"elementor-post__title\">\n\t\t\t<a href=\"https:\/\/www.com-3d.fr\/en\/guide-comment-bien-optimiser-le-seo-de-votre-site\/\" >\n\t\t\t\tGuide : How to optimise your website\u2019s SEO?\t\t\t<\/a>\n\t\t<\/h3>\n\t\t\t\t<\/div>\n\t\t\t\t\t<\/div>\n\t\t<\/article>\n\t\t\t\t<article class=\"elementor-post elementor-grid-item post-2256 post type-post status-publish format-standard has-post-thumbnail hentry category-guide\">\n\t\t\t<div class=\"elementor-post__card\">\n\t\t\t\t<a class=\"elementor-post__thumbnail__link\" href=\"https:\/\/www.com-3d.fr\/en\/guide-4-axes-a-aborder-pour-reussir-sa-transition-digitale\/\" ><div class=\"elementor-post__thumbnail\"><img loading=\"lazy\" decoding=\"async\" width=\"768\" height=\"576\" src=\"https:\/\/www.com-3d.fr\/wp-content\/uploads\/2021\/12\/Free_Square_Brochure_Mockup_02-768x576.png\" class=\"attachment-medium_large size-medium_large wp-image-2133\" alt=\"\" srcset=\"https:\/\/www.com-3d.fr\/wp-content\/uploads\/2021\/12\/Free_Square_Brochure_Mockup_02-768x576.png 768w, https:\/\/www.com-3d.fr\/wp-content\/uploads\/2021\/12\/Free_Square_Brochure_Mockup_02-300x225.png 300w, https:\/\/www.com-3d.fr\/wp-content\/uploads\/2021\/12\/Free_Square_Brochure_Mockup_02-1024x768.png 1024w, https:\/\/www.com-3d.fr\/wp-content\/uploads\/2021\/12\/Free_Square_Brochure_Mockup_02-1536x1152.png 1536w, https:\/\/www.com-3d.fr\/wp-content\/uploads\/2021\/12\/Free_Square_Brochure_Mockup_02-2048x1536.png 2048w\" sizes=\"auto, (max-width: 768px) 100vw, 768px\" \/><\/div><\/a>\n\t\t\t\t<div class=\"elementor-post__badge\">Guide<\/div>\n\t\t\t\t<div class=\"elementor-post__text\">\n\t\t\t\t<h3 class=\"elementor-post__title\">\n\t\t\t<a href=\"https:\/\/www.com-3d.fr\/en\/guide-4-axes-a-aborder-pour-reussir-sa-transition-digitale\/\" >\n\t\t\t\tGuide : 4 axes to address for a successful digital transition\t\t\t<\/a>\n\t\t<\/h3>\n\t\t\t\t<\/div>\n\t\t\t\t\t<\/div>\n\t\t<\/article>\n\t\t\t\t<article class=\"elementor-post elementor-grid-item post-2109 post type-post status-publish format-standard has-post-thumbnail hentry category-guide\">\n\t\t\t<div class=\"elementor-post__card\">\n\t\t\t\t<a class=\"elementor-post__thumbnail__link\" href=\"https:\/\/www.com-3d.fr\/en\/outils-5-regles-dor-pour-penser-ou-repenser-son-logotype\/\" ><div class=\"elementor-post__thumbnail\"><img loading=\"lazy\" decoding=\"async\" width=\"768\" height=\"608\" src=\"https:\/\/www.com-3d.fr\/wp-content\/uploads\/2021\/12\/Free_Square_Brochure_Mockup_02bis-e1640767058980-768x608.png\" class=\"attachment-medium_large size-medium_large wp-image-2132\" alt=\"\" srcset=\"https:\/\/www.com-3d.fr\/wp-content\/uploads\/2021\/12\/Free_Square_Brochure_Mockup_02bis-e1640767058980-768x608.png 768w, https:\/\/www.com-3d.fr\/wp-content\/uploads\/2021\/12\/Free_Square_Brochure_Mockup_02bis-e1640767058980-300x238.png 300w, https:\/\/www.com-3d.fr\/wp-content\/uploads\/2021\/12\/Free_Square_Brochure_Mockup_02bis-e1640767058980-1024x811.png 1024w, https:\/\/www.com-3d.fr\/wp-content\/uploads\/2021\/12\/Free_Square_Brochure_Mockup_02bis-e1640767058980-1536x1216.png 1536w, https:\/\/www.com-3d.fr\/wp-content\/uploads\/2021\/12\/Free_Square_Brochure_Mockup_02bis-e1640767058980-2048x1622.png 2048w\" sizes=\"auto, (max-width: 768px) 100vw, 768px\" \/><\/div><\/a>\n\t\t\t\t<div class=\"elementor-post__badge\">Guide<\/div>\n\t\t\t\t<div class=\"elementor-post__text\">\n\t\t\t\t<h3 class=\"elementor-post__title\">\n\t\t\t<a href=\"https:\/\/www.com-3d.fr\/en\/outils-5-regles-dor-pour-penser-ou-repenser-son-logotype\/\" >\n\t\t\t\tGuide : 5 rules to think or rethinking your logotype\t\t\t<\/a>\n\t\t<\/h3>\n\t\t\t\t<\/div>\n\t\t\t\t\t<\/div>\n\t\t<\/article>\n\t\t\t\t<\/div>\n\n\n\t\t\n\t\t\t\t<\/div>\n\t\t\t\t<\/div>\n\t\t\t\t<div class=\"elementor-element elementor-element-e29dec3 elementor-widget elementor-widget-spacer\" data-id=\"e29dec3\" data-element_type=\"widget\" data-widget_type=\"spacer.default\">\n\t\t\t\t<div class=\"elementor-widget-container\">\n\t\t\t\t\t<div class=\"elementor-spacer\">\n\t\t\t<div class=\"elementor-spacer-inner\"><\/div>\n\t\t<\/div>\n\t\t\t\t<\/div>\n\t\t\t\t<\/div>\n\t\t\t\t\t\t<\/div>\n\t\t\t\t\t<\/div>\n\t\t<\/div>\n\t\t\t\t\t\t\t\t<\/div>\n\t\t\t\t\t<\/div>\n\t\t<\/section>\n\t\t\t\t\t\t\t\t\t<\/div>\n\t\t\t<\/div>\n\t\t\t\t\t<\/div>","protected":false},"excerpt":{"rendered":"<p>Nos Guides &#038; Outils Nous sommes ravis de vous partager nos outils, e-books et guides pratiques concernant le monde du digital, l&rsquo;innovation et la technologie.<\/p>","protected":false},"author":3,"featured_media":0,"parent":0,"menu_order":0,"comment_status":"closed","ping_status":"closed","template":"","meta":{"footnotes":""},"class_list":["post-2106","page","type-page","status-publish","hentry"],"acf":[],"yoast_head":"<!-- This site is optimized with the Yoast SEO plugin v20.12 - https:\/\/yoast.com\/wordpress\/plugins\/seo\/ -->\n<title>Consultez gratuitement Nos Guides &amp; Outils - Agence Com-3D<\/title>\n<meta name=\"description\" content=\"Dans le but de mettre notre expertise au service de votre projet, nous vous partageons l&#039;ensemble de nos outils, guides pratiques et e-books.\" \/>\n<meta name=\"robots\" content=\"index, follow, max-snippet:-1, max-image-preview:large, max-video-preview:-1\" \/>\n<link rel=\"canonical\" href=\"https:\/\/www.com-3d.fr\/en\/guides-outils\/\" \/>\n<meta property=\"og:locale\" content=\"en_GB\" \/>\n<meta property=\"og:type\" content=\"article\" \/>\n<meta property=\"og:title\" content=\"Consultez gratuitement Nos Guides &amp; Outils - Agence Com-3D\" \/>\n<meta property=\"og:description\" content=\"Dans le but de mettre notre expertise au service de votre projet, nous vous partageons l&#039;ensemble de nos outils, guides pratiques et e-books.\" \/>\n<meta property=\"og:url\" content=\"https:\/\/www.com-3d.fr\/en\/guides-outils\/\" \/>\n<meta property=\"og:site_name\" content=\"Com-3D\" \/>\n<meta property=\"article:modified_time\" content=\"2023-11-27T09:20:19+00:00\" \/>\n<meta name=\"twitter:card\" content=\"summary_large_image\" \/>\n<meta name=\"twitter:label1\" content=\"Estimated reading time\" \/>\n\t<meta name=\"twitter:data1\" content=\"2 minutes\" \/>\n<script type=\"application\/ld+json\" class=\"yoast-schema-graph\">{\"@context\":\"https:\/\/schema.org\",\"@graph\":[{\"@type\":\"WebPage\",\"@id\":\"https:\/\/www.com-3d.fr\/guides-outils\/\",\"url\":\"https:\/\/www.com-3d.fr\/guides-outils\/\",\"name\":\"Consultez gratuitement Nos Guides & Outils - Agence Com-3D\",\"isPartOf\":{\"@id\":\"https:\/\/www.com-3d.fr\/#website\"},\"datePublished\":\"2021-12-29T08:31:29+00:00\",\"dateModified\":\"2023-11-27T09:20:19+00:00\",\"description\":\"Dans le but de mettre notre expertise au service de votre projet, nous vous partageons l'ensemble de nos outils, guides pratiques et e-books.\",\"breadcrumb\":{\"@id\":\"https:\/\/www.com-3d.fr\/guides-outils\/#breadcrumb\"},\"inLanguage\":\"en-GB\",\"potentialAction\":[{\"@type\":\"ReadAction\",\"target\":[\"https:\/\/www.com-3d.fr\/guides-outils\/\"]}]},{\"@type\":\"BreadcrumbList\",\"@id\":\"https:\/\/www.com-3d.fr\/guides-outils\/#breadcrumb\",\"itemListElement\":[{\"@type\":\"ListItem\",\"position\":1,\"name\":\"Accueil\",\"item\":\"https:\/\/www.com-3d.fr\/\"},{\"@type\":\"ListItem\",\"position\":2,\"name\":\"Guides &#038; Outils\"}]},{\"@type\":\"WebSite\",\"@id\":\"https:\/\/www.com-3d.fr\/#website\",\"url\":\"https:\/\/www.com-3d.fr\/\",\"name\":\"Com-3D\",\"description\":\"Agence de conseils et solutions en communication et marketing digital\",\"publisher\":{\"@id\":\"https:\/\/www.com-3d.fr\/#organization\"},\"potentialAction\":[{\"@type\":\"SearchAction\",\"target\":{\"@type\":\"EntryPoint\",\"urlTemplate\":\"https:\/\/www.com-3d.fr\/?s={search_term_string}\"},\"query-input\":\"required name=search_term_string\"}],\"inLanguage\":\"en-GB\"},{\"@type\":\"Organization\",\"@id\":\"https:\/\/www.com-3d.fr\/#organization\",\"name\":\"Com-3D\",\"url\":\"https:\/\/www.com-3d.fr\/\",\"logo\":{\"@type\":\"ImageObject\",\"inLanguage\":\"en-GB\",\"@id\":\"https:\/\/www.com-3d.fr\/#\/schema\/logo\/image\/\",\"url\":\"https:\/\/www.com-3d.fr\/wp-content\/uploads\/2021\/07\/COM-3D_LOGO.svg\",\"contentUrl\":\"https:\/\/www.com-3d.fr\/wp-content\/uploads\/2021\/07\/COM-3D_LOGO.svg\",\"width\":168,\"height\":83,\"caption\":\"Com-3D\"},\"image\":{\"@id\":\"https:\/\/www.com-3d.fr\/#\/schema\/logo\/image\/\"}}]}<\/script>\n<!-- \/ Yoast SEO plugin. -->","yoast_head_json":{"title":"Consultez gratuitement Nos Guides & Outils - Agence Com-3D","description":"Dans le but de mettre notre expertise au service de votre projet, nous vous partageons l'ensemble de nos outils, guides pratiques et e-books.","robots":{"index":"index","follow":"follow","max-snippet":"max-snippet:-1","max-image-preview":"max-image-preview:large","max-video-preview":"max-video-preview:-1"},"canonical":"https:\/\/www.com-3d.fr\/en\/guides-outils\/","og_locale":"en_GB","og_type":"article","og_title":"Consultez gratuitement Nos Guides & Outils - Agence Com-3D","og_description":"Dans le but de mettre notre expertise au service de votre projet, nous vous partageons l'ensemble de nos outils, guides pratiques et e-books.","og_url":"https:\/\/www.com-3d.fr\/en\/guides-outils\/","og_site_name":"Com-3D","article_modified_time":"2023-11-27T09:20:19+00:00","twitter_card":"summary_large_image","twitter_misc":{"Estimated reading time":"2 minutes"},"schema":{"@context":"https:\/\/schema.org","@graph":[{"@type":"WebPage","@id":"https:\/\/www.com-3d.fr\/guides-outils\/","url":"https:\/\/www.com-3d.fr\/guides-outils\/","name":"Consultez gratuitement Nos Guides & Outils - Agence Com-3D","isPartOf":{"@id":"https:\/\/www.com-3d.fr\/#website"},"datePublished":"2021-12-29T08:31:29+00:00","dateModified":"2023-11-27T09:20:19+00:00","description":"Dans le but de mettre notre expertise au service de votre projet, nous vous partageons l'ensemble de nos outils, guides pratiques et e-books.","breadcrumb":{"@id":"https:\/\/www.com-3d.fr\/guides-outils\/#breadcrumb"},"inLanguage":"en-GB","potentialAction":[{"@type":"ReadAction","target":["https:\/\/www.com-3d.fr\/guides-outils\/"]}]},{"@type":"BreadcrumbList","@id":"https:\/\/www.com-3d.fr\/guides-outils\/#breadcrumb","itemListElement":[{"@type":"ListItem","position":1,"name":"Accueil","item":"https:\/\/www.com-3d.fr\/"},{"@type":"ListItem","position":2,"name":"Guides &#038; Outils"}]},{"@type":"WebSite","@id":"https:\/\/www.com-3d.fr\/#website","url":"https:\/\/www.com-3d.fr\/","name":"Com-3D","description":"Agence de conseils et solutions en communication et marketing digital","publisher":{"@id":"https:\/\/www.com-3d.fr\/#organization"},"potentialAction":[{"@type":"SearchAction","target":{"@type":"EntryPoint","urlTemplate":"https:\/\/www.com-3d.fr\/?s={search_term_string}"},"query-input":"required name=search_term_string"}],"inLanguage":"en-GB"},{"@type":"Organization","@id":"https:\/\/www.com-3d.fr\/#organization","name":"Com-3D","url":"https:\/\/www.com-3d.fr\/","logo":{"@type":"ImageObject","inLanguage":"en-GB","@id":"https:\/\/www.com-3d.fr\/#\/schema\/logo\/image\/","url":"https:\/\/www.com-3d.fr\/wp-content\/uploads\/2021\/07\/COM-3D_LOGO.svg","contentUrl":"https:\/\/www.com-3d.fr\/wp-content\/uploads\/2021\/07\/COM-3D_LOGO.svg","width":168,"height":83,"caption":"Com-3D"},"image":{"@id":"https:\/\/www.com-3d.fr\/#\/schema\/logo\/image\/"}}]}},"_links":{"self":[{"href":"https:\/\/www.com-3d.fr\/en\/wp-json\/wp\/v2\/pages\/2106","targetHints":{"allow":["GET"]}}],"collection":[{"href":"https:\/\/www.com-3d.fr\/en\/wp-json\/wp\/v2\/pages"}],"about":[{"href":"https:\/\/www.com-3d.fr\/en\/wp-json\/wp\/v2\/types\/page"}],"author":[{"embeddable":true,"href":"https:\/\/www.com-3d.fr\/en\/wp-json\/wp\/v2\/users\/3"}],"replies":[{"embeddable":true,"href":"https:\/\/www.com-3d.fr\/en\/wp-json\/wp\/v2\/comments?post=2106"}],"version-history":[{"count":47,"href":"https:\/\/www.com-3d.fr\/en\/wp-json\/wp\/v2\/pages\/2106\/revisions"}],"predecessor-version":[{"id":8748,"href":"https:\/\/www.com-3d.fr\/en\/wp-json\/wp\/v2\/pages\/2106\/revisions\/8748"}],"wp:attachment":[{"href":"https:\/\/www.com-3d.fr\/en\/wp-json\/wp\/v2\/media?parent=2106"}],"curies":[{"name":"wp","href":"https:\/\/api.w.org\/{rel}","templated":true}]}}